{"id":365,"date":"2025-04-21T20:44:14","date_gmt":"2025-04-21T20:44:14","guid":{"rendered":"https:\/\/localtoursalicante.com\/?page_id=365"},"modified":"2025-04-24T02:20:51","modified_gmt":"2025-04-24T02:20:51","slug":"blog","status":"publish","type":"page","link":"https:\/\/localtoursalicante.com\/es\/blog\/","title":{"rendered":"Blog"},"content":{"rendered":"<div data-elementor-type=\"wp-page\" data-elementor-id=\"365\" class=\"elementor elementor-365\" data-elementor-post-type=\"page\">\n\t\t\t\t<div data-dce-background-overlay-color=\"#000000\" data-dce-background-image-url=\"https:\/\/localtoursalicante.com\/wp-content\/uploads\/2025\/04\/pexels-vicente-viana-martinez-1098458-2871008.jpg\" class=\"elementor-element elementor-element-f55913b e-flex e-con-boxed e-con e-parent\" data-id=\"f55913b\" data-element_type=\"container\" data-settings=\"{&quot;background_background&quot;:&quot;classic&quot;}\">\n\t\t\t\t\t<div class=\"e-con-inner\">\n\t\t<div class=\"elementor-element elementor-element-f1a8815 e-con-full e-flex e-con e-child\" data-id=\"f1a8815\" data-element_type=\"container\">\n\t\t\t\t<div class=\"elementor-element elementor-element-3caca30 elementor-widget elementor-widget-heading\" data-id=\"3caca30\" data-element_type=\"widget\" data-widget_type=\"heading.default\">\n\t\t\t\t<div class=\"elementor-widget-container\">\n\t\t\t\t\t<h2 class=\"elementor-heading-title elementor-size-default\">Blog<\/h2>\t\t\t\t<\/div>\n\t\t\t\t<\/div>\n\t\t\t\t<div class=\"elementor-element elementor-element-01d9fb9 elementor-widget__width-initial elementor-widget elementor-widget-text-editor\" data-id=\"01d9fb9\" data-element_type=\"widget\" data-widget_type=\"text-editor.default\">\n\t\t\t\t<div class=\"elementor-widget-container\">\n\t\t\t\t\t\t\t\t\t<p>Descubre los secretos mejor guardados, las leyendas locales y los detalles exclusivos de nuestros tours. Ya sea que est\u00e9s planeando tu visita o so\u00f1ando con Espa\u00f1a, nuestro blog te transportar\u00e1 a Alicante.<\/p>\t\t\t\t\t\t\t\t<\/div>\n\t\t\t\t<\/div>\n\t\t\t\t<\/div>\n\t\t\t\t\t<\/div>\n\t\t\t\t<\/div>\n\t\t<div data-dce-background-color=\"#FFFFFF\" class=\"elementor-element elementor-element-1f6a742 e-flex e-con-boxed e-con e-parent\" data-id=\"1f6a742\" data-element_type=\"container\" data-settings=\"{&quot;background_background&quot;:&quot;classic&quot;}\">\n\t\t\t\t\t<div class=\"e-con-inner\">\n\t\t\t\t<div class=\"elementor-element elementor-element-baecf12 meta-visibility-show title_position_default title_hover_border_default title-default img_hover_animation_default meta_position_default tpg-category-position-default readmore-btn-default-style grid-hover-overlay-type-always tpg-el-box-border-enable tpg-border-bottom-disable elementor-widget elementor-widget-tpg-grid-layout\" data-id=\"baecf12\" data-element_type=\"widget\" data-widget_type=\"tpg-grid-layout.default\">\n\t\t\t\t<div class=\"elementor-widget-container\">\n\t\t\t\t\t\t\t<div class=\"rt-container-fluid rt-tpg-container tpg-el-main-wrapper clearfix grid-layout4-main\"\n\t\t\t id=\"rt-tpg-container-886416928\"\n\t\t\t data-layout=\"grid-layout4\"\n\t\t\t data-grid-style=\"tpg-full-height\"\n\t\t\t data-sc-id=\"elementor\"\n\t\t\t data-el-settings=''\n\t\t\t data-el-query=''\n\t\t\t data-el-path=''\n\t\t>\n\t\t\t\t\t\t<div class='tpg-header-wrapper'>\n\t\t\t\t\t\t\t<\/div>\n\n\t\t\t<div data-title=\"Loading ...\" class=\"rt-row rt-content-loader grid-layout4 grid-behaviour tpg-full-height grid_layout_wrapper\">\n\t\t\t\t\n<div class=\"rt-col-md-4 rt-col-sm-6 rt-col-xs-12 default rt-grid-item\" data-id=\"380\">\n\t<div class=\"rt-holder tpg-post-holder\">\n\t\t<div class=\"rt-detail rt-el-content-wrapper\">\n\t\t\t\t\t\t\t<div class=\"rt-img-holder tpg-el-image-wrap has-thumbnail\">\n\t\t\t\t\t<a data-id=\"380\" href=\"https:\/\/localtoursalicante.com\/es\/lorem-ipsum-6\/\" class=\"tpg-post-link\" target=\"_self\">                        <img fetchpriority=\"high\" decoding=\"async\" src=\"https:\/\/localtoursalicante.com\/wp-content\/uploads\/2025\/04\/2-768x614.jpg\"\n                             class=\"rt-img-responsive\"\n                             width=\"768\"\n                             height=\"614\"\n                             alt=\"What to Do in Alicante in 4 Hours\">\n\t\t\t\t\t\t\n\t\t\t\t\t\t\t\n\t\t<\/a>\n\t\t        <div class=\"overlay grid-hover-content\"><\/div>\n\t\t\t\t\t\t<\/div>\n\t\t\t\n\t\t\t<div class=\"entry-title-wrapper\">        <div class=\"tpg-separate-category style1 top_left cat-above-title\">\n\t\t\t<span class='categories-links'>\n\t\t\t\n\t\t\t<a class=\"uncategorized\" href=\"https:\/\/localtoursalicante.com\/es\/category\/uncategorized\/\">Uncategorized<\/a>\t\t\t<\/span>\n        <\/div>\n\t\t<h3 class=\"entry-title\"><a data-id=\"380\" href=\"https:\/\/localtoursalicante.com\/es\/lorem-ipsum-6\/\" class=\"tpg-post-link\" target=\"_self\">\u00bfQu\u00e9 hacer en Alicante en 4 horas?<\/a><\/h3><\/div>\n\t\t\t\t\t\t\t<div class=\"post-meta-tags rt-el-post-meta\">\n\t\t\t\t\t            <span class='date'>\n\t\t\t\t<i class='far fa-calendar-alt'><\/i>\t\t\t\t                    <a href=\"https:\/\/localtoursalicante.com\/es\/2025\/04\/21\/\">\n\t\t\t\t\tabril 21, 2025\t\t\t\t<\/a>\n\t\t\t\t\t\t\t<\/span>\n\t\t\t            <span class='categories-links'>\n\t\t\t\t<i class='fas fa-folder-open'><\/i><a class=\"uncategorized\" href=\"https:\/\/localtoursalicante.com\/es\/category\/uncategorized\/\">Uncategorized<\/a>\t\t\t<\/span>\n\t\t\t\t\t\t\t<\/div>\n\t\t\t\n\t\t\t\t\t\t\t<div class=\"tpg-excerpt tpg-el-excerpt\">\n\t\t\t\t\t\t\t\t\t\t\t<div class=\"tpg-excerpt-inner\">\n\t\t\t\t\t\t\tQuick Guide for Cruise Visitors Arriving in Alicante by cruise ship and wondering if it\u2019s worth stepping off the boat? The answer is yes\u2014absolutely. Even with just a few hours in Alicante, you can...\t\t\t\t\t\t<\/div>\n\t\t\t\t\t\t\t\t\t\t\t\t\t\t<\/div>\n\t\t\t\n\t\t\t        <div class=\"post-footer\">\n            <div class=\"post-footer\">\n                <div class=\"read-more\">\n\t\t\t\t\t<a data-id=\"380\" href=\"https:\/\/localtoursalicante.com\/es\/lorem-ipsum-6\/\" class=\"tpg-post-link\" target=\"_self\">Read More<\/a>                <\/div>\n            <\/div>\n        <\/div>\n\t\t\t\t<\/div>\n\t<\/div>\n<\/div>\n\n<div class=\"rt-col-md-4 rt-col-sm-6 rt-col-xs-12 default rt-grid-item\" data-id=\"381\">\n\t<div class=\"rt-holder tpg-post-holder\">\n\t\t<div class=\"rt-detail rt-el-content-wrapper\">\n\t\t\t\t\t\t\t<div class=\"rt-img-holder tpg-el-image-wrap has-thumbnail\">\n\t\t\t\t\t<a data-id=\"381\" href=\"https:\/\/localtoursalicante.com\/es\/lorem-ipsum-5\/\" class=\"tpg-post-link\" target=\"_self\">                        <img decoding=\"async\" src=\"https:\/\/localtoursalicante.com\/wp-content\/uploads\/2025\/05\/wp8815174-alicante-wallpapers-e1746409781281-768x310.jpg\"\n                             class=\"rt-img-responsive\"\n                             width=\"768\"\n                             height=\"310\"\n                             alt=\"10 Reasons to Fall in Love with Alicante in Just Two Days\">\n\t\t\t\t\t\t\n\t\t\t\t\t\t\t\n\t\t<\/a>\n\t\t        <div class=\"overlay grid-hover-content\"><\/div>\n\t\t\t\t\t\t<\/div>\n\t\t\t\n\t\t\t<div class=\"entry-title-wrapper\">        <div class=\"tpg-separate-category style1 top_left cat-above-title\">\n\t\t\t<span class='categories-links'>\n\t\t\t\n\t\t\t<a class=\"uncategorized\" href=\"https:\/\/localtoursalicante.com\/es\/category\/uncategorized\/\">Uncategorized<\/a>\t\t\t<\/span>\n        <\/div>\n\t\t<h3 class=\"entry-title\"><a data-id=\"381\" href=\"https:\/\/localtoursalicante.com\/es\/lorem-ipsum-5\/\" class=\"tpg-post-link\" target=\"_self\">10 Reasons to Fall in Love with Alicante in Just Two Days<\/a><\/h3><\/div>\n\t\t\t\t\t\t\t<div class=\"post-meta-tags rt-el-post-meta\">\n\t\t\t\t\t            <span class='date'>\n\t\t\t\t<i class='far fa-calendar-alt'><\/i>\t\t\t\t                    <a href=\"https:\/\/localtoursalicante.com\/es\/2025\/04\/21\/\">\n\t\t\t\t\tabril 21, 2025\t\t\t\t<\/a>\n\t\t\t\t\t\t\t<\/span>\n\t\t\t            <span class='categories-links'>\n\t\t\t\t<i class='fas fa-folder-open'><\/i><a class=\"uncategorized\" href=\"https:\/\/localtoursalicante.com\/es\/category\/uncategorized\/\">Uncategorized<\/a>\t\t\t<\/span>\n\t\t\t\t\t\t\t<\/div>\n\t\t\t\n\t\t\t\t\t\t\t<div class=\"tpg-excerpt tpg-el-excerpt\">\n\t\t\t\t\t\t\t\t\t\t\t<div class=\"tpg-excerpt-inner\">\n\t\t\t\t\t\t\t\u00a0 Bathed by the Mediterranean Sea and blessed with over 300 days of sunshine a year, Alicante is a city where history, flavor, and rhythm come together effortlessly. Even with just 48 hours, you can...\t\t\t\t\t\t<\/div>\n\t\t\t\t\t\t\t\t\t\t\t\t\t\t<\/div>\n\t\t\t\n\t\t\t        <div class=\"post-footer\">\n            <div class=\"post-footer\">\n                <div class=\"read-more\">\n\t\t\t\t\t<a data-id=\"381\" href=\"https:\/\/localtoursalicante.com\/es\/lorem-ipsum-5\/\" class=\"tpg-post-link\" target=\"_self\">Read More<\/a>                <\/div>\n            <\/div>\n        <\/div>\n\t\t\t\t<\/div>\n\t<\/div>\n<\/div>\n\n<div class=\"rt-col-md-4 rt-col-sm-6 rt-col-xs-12 default rt-grid-item\" data-id=\"382\">\n\t<div class=\"rt-holder tpg-post-holder\">\n\t\t<div class=\"rt-detail rt-el-content-wrapper\">\n\t\t\t\t\t\t\t<div class=\"rt-img-holder tpg-el-image-wrap has-thumbnail\">\n\t\t\t\t\t<a data-id=\"382\" href=\"https:\/\/localtoursalicante.com\/es\/lorem-ipsum-4\/\" class=\"tpg-post-link\" target=\"_self\">                        <img decoding=\"async\" src=\"https:\/\/localtoursalicante.com\/wp-content\/uploads\/2025\/05\/2-768x614.jpg\"\n                             class=\"rt-img-responsive\"\n                             width=\"768\"\n                             height=\"614\"\n                             alt=\"What to Eat in Alicante? 5 Local Rice Restaurants Recommended by Locals\">\n\t\t\t\t\t\t\n\t\t\t\t\t\t\t\n\t\t<\/a>\n\t\t        <div class=\"overlay grid-hover-content\"><\/div>\n\t\t\t\t\t\t<\/div>\n\t\t\t\n\t\t\t<div class=\"entry-title-wrapper\">        <div class=\"tpg-separate-category style1 top_left cat-above-title\">\n\t\t\t<span class='categories-links'>\n\t\t\t\n\t\t\t<a class=\"uncategorized\" href=\"https:\/\/localtoursalicante.com\/es\/category\/uncategorized\/\">Uncategorized<\/a>\t\t\t<\/span>\n        <\/div>\n\t\t<h3 class=\"entry-title\"><a data-id=\"382\" href=\"https:\/\/localtoursalicante.com\/es\/lorem-ipsum-4\/\" class=\"tpg-post-link\" target=\"_self\">What to Eat in Alicante? 5 Local Rice Restaurants Recommended by Locals<\/a><\/h3><\/div>\n\t\t\t\t\t\t\t<div class=\"post-meta-tags rt-el-post-meta\">\n\t\t\t\t\t            <span class='date'>\n\t\t\t\t<i class='far fa-calendar-alt'><\/i>\t\t\t\t                    <a href=\"https:\/\/localtoursalicante.com\/es\/2025\/04\/21\/\">\n\t\t\t\t\tabril 21, 2025\t\t\t\t<\/a>\n\t\t\t\t\t\t\t<\/span>\n\t\t\t            <span class='categories-links'>\n\t\t\t\t<i class='fas fa-folder-open'><\/i><a class=\"uncategorized\" href=\"https:\/\/localtoursalicante.com\/es\/category\/uncategorized\/\">Uncategorized<\/a>\t\t\t<\/span>\n\t\t\t\t\t\t\t<\/div>\n\t\t\t\n\t\t\t\t\t\t\t<div class=\"tpg-excerpt tpg-el-excerpt\">\n\t\t\t\t\t\t\t\t\t\t\t<div class=\"tpg-excerpt-inner\">\n\t\t\t\t\t\t\tIn Alicante, people don\u2019t eat paella \u2014 they eat rice. And not just any rice. Alicante\u2019s rice is rich, intense, creamy or dry, made with salmorreta, socarrat, and tradition. If you want to know where...\t\t\t\t\t\t<\/div>\n\t\t\t\t\t\t\t\t\t\t\t\t\t\t<\/div>\n\t\t\t\n\t\t\t        <div class=\"post-footer\">\n            <div class=\"post-footer\">\n                <div class=\"read-more\">\n\t\t\t\t\t<a data-id=\"382\" href=\"https:\/\/localtoursalicante.com\/es\/lorem-ipsum-4\/\" class=\"tpg-post-link\" target=\"_self\">Read More<\/a>                <\/div>\n            <\/div>\n        <\/div>\n\t\t\t\t<\/div>\n\t<\/div>\n<\/div>\n\n<div class=\"rt-col-md-4 rt-col-sm-6 rt-col-xs-12 default rt-grid-item\" data-id=\"379\">\n\t<div class=\"rt-holder tpg-post-holder\">\n\t\t<div class=\"rt-detail rt-el-content-wrapper\">\n\t\t\t\t\t\t\t<div class=\"rt-img-holder tpg-el-image-wrap has-thumbnail\">\n\t\t\t\t\t<a data-id=\"379\" href=\"https:\/\/localtoursalicante.com\/es\/lorem-ipsum-3\/\" class=\"tpg-post-link\" target=\"_self\">                        <img loading=\"lazy\" decoding=\"async\" src=\"https:\/\/localtoursalicante.com\/wp-content\/uploads\/2025\/06\/Imagen-de-WhatsApp-2025-06-28-a-las-22.13.08_cee9391b-768x1086.jpg\"\n                             class=\"rt-img-responsive\"\n                             width=\"768\"\n                             height=\"1086\"\n                             alt=\"Tour in Alicante: Best Experiences After a Free Tour\">\n\t\t\t\t\t\t\n\t\t\t\t\t\t\t\n\t\t<\/a>\n\t\t        <div class=\"overlay grid-hover-content\"><\/div>\n\t\t\t\t\t\t<\/div>\n\t\t\t\n\t\t\t<div class=\"entry-title-wrapper\">        <div class=\"tpg-separate-category style1 top_left cat-above-title\">\n\t\t\t<span class='categories-links'>\n\t\t\t\n\t\t\t<a class=\"uncategorized\" href=\"https:\/\/localtoursalicante.com\/es\/category\/uncategorized\/\">Uncategorized<\/a>\t\t\t<\/span>\n        <\/div>\n\t\t<h3 class=\"entry-title\"><a data-id=\"379\" href=\"https:\/\/localtoursalicante.com\/es\/lorem-ipsum-3\/\" class=\"tpg-post-link\" target=\"_self\">Tour in Alicante: Best Experiences After a Free Tour<\/a><\/h3><\/div>\n\t\t\t\t\t\t\t<div class=\"post-meta-tags rt-el-post-meta\">\n\t\t\t\t\t            <span class='date'>\n\t\t\t\t<i class='far fa-calendar-alt'><\/i>\t\t\t\t                    <a href=\"https:\/\/localtoursalicante.com\/es\/2025\/04\/21\/\">\n\t\t\t\t\tabril 21, 2025\t\t\t\t<\/a>\n\t\t\t\t\t\t\t<\/span>\n\t\t\t            <span class='categories-links'>\n\t\t\t\t<i class='fas fa-folder-open'><\/i><a class=\"uncategorized\" href=\"https:\/\/localtoursalicante.com\/es\/category\/uncategorized\/\">Uncategorized<\/a>\t\t\t<\/span>\n\t\t\t\t\t\t\t<\/div>\n\t\t\t\n\t\t\t\t\t\t\t<div class=\"tpg-excerpt tpg-el-excerpt\">\n\t\t\t\t\t\t\t\t\t\t\t<div class=\"tpg-excerpt-inner\">\n\t\t\t\t\t\t\tIf you are looking for the best tours in Alicante or a free tour Alicante, you\u2019ve come to the right place. After enjoying a guided tour of the city, there are plenty of experiences to add to your...\t\t\t\t\t\t<\/div>\n\t\t\t\t\t\t\t\t\t\t\t\t\t\t<\/div>\n\t\t\t\n\t\t\t        <div class=\"post-footer\">\n            <div class=\"post-footer\">\n                <div class=\"read-more\">\n\t\t\t\t\t<a data-id=\"379\" href=\"https:\/\/localtoursalicante.com\/es\/lorem-ipsum-3\/\" class=\"tpg-post-link\" target=\"_self\">Read More<\/a>                <\/div>\n            <\/div>\n        <\/div>\n\t\t\t\t<\/div>\n\t<\/div>\n<\/div>\n\n<div class=\"rt-col-md-4 rt-col-sm-6 rt-col-xs-12 default rt-grid-item\" data-id=\"378\">\n\t<div class=\"rt-holder tpg-post-holder\">\n\t\t<div class=\"rt-detail rt-el-content-wrapper\">\n\t\t\t\t\t\t\t<div class=\"rt-img-holder tpg-el-image-wrap has-thumbnail\">\n\t\t\t\t\t<a data-id=\"378\" href=\"https:\/\/localtoursalicante.com\/es\/lorem-ipsum-2\/\" class=\"tpg-post-link\" target=\"_self\">                        <img loading=\"lazy\" decoding=\"async\" src=\"https:\/\/localtoursalicante.com\/wp-content\/uploads\/2025\/08\/hogueras-768x510.jpg\"\n                             class=\"rt-img-responsive\"\n                             width=\"768\"\n                             height=\"510\"\n                             alt=\"How to Experience Alicante\u2019s Festivals Like a Local\">\n\t\t\t\t\t\t\n\t\t\t\t\t\t\t\n\t\t<\/a>\n\t\t        <div class=\"overlay grid-hover-content\"><\/div>\n\t\t\t\t\t\t<\/div>\n\t\t\t\n\t\t\t<div class=\"entry-title-wrapper\">        <div class=\"tpg-separate-category style1 top_left cat-above-title\">\n\t\t\t<span class='categories-links'>\n\t\t\t\n\t\t\t<a class=\"uncategorized\" href=\"https:\/\/localtoursalicante.com\/es\/category\/uncategorized\/\">Uncategorized<\/a>\t\t\t<\/span>\n        <\/div>\n\t\t<h3 class=\"entry-title\"><a data-id=\"378\" href=\"https:\/\/localtoursalicante.com\/es\/lorem-ipsum-2\/\" class=\"tpg-post-link\" target=\"_self\">How to Experience Alicante\u2019s Festivals Like a Local<\/a><\/h3><\/div>\n\t\t\t\t\t\t\t<div class=\"post-meta-tags rt-el-post-meta\">\n\t\t\t\t\t            <span class='date'>\n\t\t\t\t<i class='far fa-calendar-alt'><\/i>\t\t\t\t                    <a href=\"https:\/\/localtoursalicante.com\/es\/2025\/04\/21\/\">\n\t\t\t\t\tabril 21, 2025\t\t\t\t<\/a>\n\t\t\t\t\t\t\t<\/span>\n\t\t\t            <span class='categories-links'>\n\t\t\t\t<i class='fas fa-folder-open'><\/i><a class=\"uncategorized\" href=\"https:\/\/localtoursalicante.com\/es\/category\/uncategorized\/\">Uncategorized<\/a>\t\t\t<\/span>\n\t\t\t\t\t\t\t<\/div>\n\t\t\t\n\t\t\t\t\t\t\t<div class=\"tpg-excerpt tpg-el-excerpt\">\n\t\t\t\t\t\t\t\t\t\t\t<div class=\"tpg-excerpt-inner\">\n\t\t\t\t\t\t\t...\t\t\t\t\t\t<\/div>\n\t\t\t\t\t\t\t\t\t\t\t\t\t\t<\/div>\n\t\t\t\n\t\t\t        <div class=\"post-footer\">\n            <div class=\"post-footer\">\n                <div class=\"read-more\">\n\t\t\t\t\t<a data-id=\"378\" href=\"https:\/\/localtoursalicante.com\/es\/lorem-ipsum-2\/\" class=\"tpg-post-link\" target=\"_self\">Read More<\/a>                <\/div>\n            <\/div>\n        <\/div>\n\t\t\t\t<\/div>\n\t<\/div>\n<\/div>\n\n<div class=\"rt-col-md-4 rt-col-sm-6 rt-col-xs-12 default rt-grid-item\" data-id=\"373\">\n\t<div class=\"rt-holder tpg-post-holder\">\n\t\t<div class=\"rt-detail rt-el-content-wrapper\">\n\t\t\t\t\t\t\t<div class=\"rt-img-holder tpg-el-image-wrap has-thumbnail\">\n\t\t\t\t\t<a data-id=\"373\" href=\"https:\/\/localtoursalicante.com\/es\/lorem-ipsum\/\" class=\"tpg-post-link\" target=\"_self\">                        <img loading=\"lazy\" decoding=\"async\" src=\"https:\/\/localtoursalicante.com\/wp-content\/uploads\/2025\/04\/DSC_2827-768x511.jpg\"\n                             class=\"rt-img-responsive\"\n                             width=\"768\"\n                             height=\"511\"\n                             alt=\"Exploring Alicante\u2019s Coastline: Best Beaches and Coastal Walks\">\n\t\t\t\t\t\t\n\t\t\t\t\t\t\t\n\t\t<\/a>\n\t\t        <div class=\"overlay grid-hover-content\"><\/div>\n\t\t\t\t\t\t<\/div>\n\t\t\t\n\t\t\t<div class=\"entry-title-wrapper\">        <div class=\"tpg-separate-category style1 top_left cat-above-title\">\n\t\t\t<span class='categories-links'>\n\t\t\t\n\t\t\t<a class=\"uncategorized\" href=\"https:\/\/localtoursalicante.com\/es\/category\/uncategorized\/\">Uncategorized<\/a>\t\t\t<\/span>\n        <\/div>\n\t\t<h3 class=\"entry-title\"><a data-id=\"373\" href=\"https:\/\/localtoursalicante.com\/es\/lorem-ipsum\/\" class=\"tpg-post-link\" target=\"_self\">Exploring Alicante\u2019s Coastline: Best Beaches and Coastal Walks<\/a><\/h3><\/div>\n\t\t\t\t\t\t\t<div class=\"post-meta-tags rt-el-post-meta\">\n\t\t\t\t\t            <span class='date'>\n\t\t\t\t<i class='far fa-calendar-alt'><\/i>\t\t\t\t                    <a href=\"https:\/\/localtoursalicante.com\/es\/2025\/04\/21\/\">\n\t\t\t\t\tabril 21, 2025\t\t\t\t<\/a>\n\t\t\t\t\t\t\t<\/span>\n\t\t\t            <span class='categories-links'>\n\t\t\t\t<i class='fas fa-folder-open'><\/i><a class=\"uncategorized\" href=\"https:\/\/localtoursalicante.com\/es\/category\/uncategorized\/\">Uncategorized<\/a>\t\t\t<\/span>\n\t\t\t\t\t\t\t<\/div>\n\t\t\t\n\t\t\t\t\t\t\t<div class=\"tpg-excerpt tpg-el-excerpt\">\n\t\t\t\t\t\t\t\t\t\t\t<div class=\"tpg-excerpt-inner\">\n\t\t\t\t\t\t\t...\t\t\t\t\t\t<\/div>\n\t\t\t\t\t\t\t\t\t\t\t\t\t\t<\/div>\n\t\t\t\n\t\t\t        <div class=\"post-footer\">\n            <div class=\"post-footer\">\n                <div class=\"read-more\">\n\t\t\t\t\t<a data-id=\"373\" href=\"https:\/\/localtoursalicante.com\/es\/lorem-ipsum\/\" class=\"tpg-post-link\" target=\"_self\">Read More<\/a>                <\/div>\n            <\/div>\n        <\/div>\n\t\t\t\t<\/div>\n\t<\/div>\n<\/div>\n\t\t\t<\/div>\n\t\t\t\n\t\t<\/div>\n\t\t\t\t\t\t<\/div>\n\t\t\t\t<\/div>\n\t\t\t\t\t<\/div>\n\t\t\t\t<\/div>\n\t\t\t\t<\/div>","protected":false},"excerpt":{"rendered":"<p>LAST NEWS Get the latest travel secrets, local legends, and behind-the-scenes glimpses of our tours. Whether you&#8217;re planning your visit or dreaming of Spain, our blog brings Alicante to life Uncategorized Lorem Ipsum April 21, 2025 Uncategorized Lorem ipsum dolor sit amet, consectetur adipiscing elit. Nulla vel gravida nibh. Praesent non tortor nisi. Morbi interdum [&hellip;]<\/p>","protected":false},"author":1,"featured_media":0,"parent":0,"menu_order":0,"comment_status":"closed","ping_status":"closed","template":"","meta":{"_monsterinsights_skip_tracking":false,"_monsterinsights_sitenote_active":false,"_monsterinsights_sitenote_note":"","_monsterinsights_sitenote_category":0,"_uf_show_specific_survey":0,"_uf_disable_surveys":false,"footnotes":""},"class_list":["post-365","page","type-page","status-publish","hentry"],"aioseo_notices":[],"rttpg_featured_image_url":null,"rttpg_author":{"display_name":"luiswebdojo@gmail.com","author_link":"https:\/\/localtoursalicante.com\/es\/author\/luiswebdojogmail-com\/"},"rttpg_comment":0,"rttpg_category":"","rttpg_excerpt":"LAST NEWS Get the latest travel secrets, local legends, and behind-the-scenes glimpses of our tours. Whether you&#8217;re planning your visit or dreaming of Spain, our blog brings Alicante to life Uncategorized Lorem Ipsum April 21, 2025 Uncategorized Lorem ipsum dolor sit amet, consectetur adipiscing elit. Nulla vel gravida nibh. Praesent non tortor nisi. Morbi interdum&hellip;","_links":{"self":[{"href":"https:\/\/localtoursalicante.com\/es\/wp-json\/wp\/v2\/pages\/365","targetHints":{"allow":["GET"]}}],"collection":[{"href":"https:\/\/localtoursalicante.com\/es\/wp-json\/wp\/v2\/pages"}],"about":[{"href":"https:\/\/localtoursalicante.com\/es\/wp-json\/wp\/v2\/types\/page"}],"author":[{"embeddable":true,"href":"https:\/\/localtoursalicante.com\/es\/wp-json\/wp\/v2\/users\/1"}],"replies":[{"embeddable":true,"href":"https:\/\/localtoursalicante.com\/es\/wp-json\/wp\/v2\/comments?post=365"}],"version-history":[{"count":16,"href":"https:\/\/localtoursalicante.com\/es\/wp-json\/wp\/v2\/pages\/365\/revisions"}],"predecessor-version":[{"id":752,"href":"https:\/\/localtoursalicante.com\/es\/wp-json\/wp\/v2\/pages\/365\/revisions\/752"}],"wp:attachment":[{"href":"https:\/\/localtoursalicante.com\/es\/wp-json\/wp\/v2\/media?parent=365"}],"curies":[{"name":"wp","href":"https:\/\/api.w.org\/{rel}","templated":true}]}}