{"id":230,"date":"2025-04-19T22:11:09","date_gmt":"2025-04-19T22:11:09","guid":{"rendered":"https:\/\/localtoursalicante.com\/?page_id=230"},"modified":"2025-04-25T01:31:43","modified_gmt":"2025-04-25T01:31:43","slug":"about-us","status":"publish","type":"page","link":"https:\/\/localtoursalicante.com\/es\/about-us\/","title":{"rendered":"about us"},"content":{"rendered":"<div data-elementor-type=\"wp-page\" data-elementor-id=\"230\" class=\"elementor elementor-230\" data-elementor-post-type=\"page\">\n\t\t\t\t<div data-dce-background-color=\"#000000\" data-dce-background-overlay-color=\"#0000008F\" data-dce-background-image-url=\"https:\/\/localtoursalicante.com\/wp-content\/uploads\/2025\/04\/6-6.jpg\" class=\"elementor-element elementor-element-def0e9f e-flex e-con-boxed e-con e-parent\" data-id=\"def0e9f\" data-element_type=\"container\" data-settings=\"{&quot;background_background&quot;:&quot;classic&quot;}\">\n\t\t\t\t\t<div class=\"e-con-inner\">\n\t\t<div class=\"elementor-element elementor-element-e825040 e-con-full e-flex e-con e-child\" data-id=\"e825040\" data-element_type=\"container\">\n\t\t\t\t<div class=\"elementor-element elementor-element-b1916b0 elementor-widget elementor-widget-heading\" data-id=\"b1916b0\" data-element_type=\"widget\" data-widget_type=\"heading.default\">\n\t\t\t\t<div class=\"elementor-widget-container\">\n\t\t\t\t\t<h2 class=\"elementor-heading-title elementor-size-default\">VEN Y VIVE<\/h2>\t\t\t\t<\/div>\n\t\t\t\t<\/div>\n\t\t\t\t<div class=\"elementor-element elementor-element-b103546 elementor-widget elementor-widget-heading\" data-id=\"b103546\" data-element_type=\"widget\" data-widget_type=\"heading.default\">\n\t\t\t\t<div class=\"elementor-widget-container\">\n\t\t\t\t\t<h2 class=\"elementor-heading-title elementor-size-default\">\u00a1Ven y vive la experiencia de Local Tours Alicante<\/h2>\t\t\t\t<\/div>\n\t\t\t\t<\/div>\n\t\t\t\t<\/div>\n\t\t\t\t\t<\/div>\n\t\t\t\t<\/div>\n\t\t<div data-dce-background-color=\"#8DA25B\" class=\"elementor-element elementor-element-60c3b8e e-flex e-con-boxed e-con e-parent\" data-id=\"60c3b8e\" data-element_type=\"container\" data-settings=\"{&quot;background_background&quot;:&quot;gradient&quot;}\">\n\t\t\t\t\t<div class=\"e-con-inner\">\n\t\t<div class=\"elementor-element elementor-element-3145a0e e-con-full e-flex e-con e-child\" data-id=\"3145a0e\" data-element_type=\"container\">\n\t\t\t\t<div class=\"elementor-element elementor-element-0359340 elementor-widget elementor-widget-heading\" data-id=\"0359340\" data-element_type=\"widget\" data-widget_type=\"heading.default\">\n\t\t\t\t<div class=\"elementor-widget-container\">\n\t\t\t\t\t<h2 class=\"elementor-heading-title elementor-size-default\">Historia<\/h2>\t\t\t\t<\/div>\n\t\t\t\t<\/div>\n\t\t\t\t<div class=\"elementor-element elementor-element-32971b5 elementor-widget__width-initial elementor-widget elementor-widget-text-editor\" data-id=\"32971b5\" data-element_type=\"widget\" data-widget_type=\"text-editor.default\">\n\t\t\t\t<div class=\"elementor-widget-container\">\n\t\t\t\t\t\t\t\t\t<p>Nuestro viaje comenz\u00f3 oficialmente en 2024, pero la idea llevaba a\u00f1os en nuestros corazones. Quer\u00edamos crear experiencias \u00fanicas que permitieran tanto a locales como visitantes conectar con la esencia de Alicante, explorando joyas ocultas que suelen pasar desapercibidas.<\/p><p>Desde entonces, hemos estado dise\u00f1ando tours y excursiones que van m\u00e1s all\u00e1 de lo com\u00fan. Ya sea paseando por el encantador casco antiguo de Alicante o explorando los impresionantes rincones de la Costa Blanca, nuestro objetivo es ofrecerte momentos inolvidables.<\/p><p>\u00bfQu\u00e9 nos hace diferentes? Nuestro equipo de gu\u00edas apasionados y expertos, la flexibilidad para personalizar cada experiencia seg\u00fan tus gustos, y nuestra dedicaci\u00f3n para hacerte sentir como en casa. Hablamos varios idiomas y cuidamos cada detalle para que tu visita sea simplemente inolvidable.<\/p><p>Creamos itinerarios personalizados, organizamos eventos corporativos y ofrecemos un servicio a medida para que disfrutes de Alicante sin estr\u00e9s. Queremos que experimentes la ciudad de forma aut\u00e9ntica, emocionante y llena del encanto local.<\/p><p>Local Tours Alicante naci\u00f3 de nuestro amor por esta ciudad incre\u00edble, y nuestra misi\u00f3n es que t\u00fa tambi\u00e9n te enamores de ella.<\/p><p>\u00a1Ven a descubrir Alicante con nosotros!<\/p>\t\t\t\t\t\t\t\t<\/div>\n\t\t\t\t<\/div>\n\t\t\t\t<\/div>\n\t\t<div data-dce-background-image-url=\"https:\/\/localtoursalicante.com\/wp-content\/uploads\/2025\/04\/f197c935-6826-4291-a983-344bc9084391.png\" class=\"elementor-element elementor-element-c401129 e-flex e-con-boxed e-con e-child\" data-id=\"c401129\" data-element_type=\"container\" data-settings=\"{&quot;background_background&quot;:&quot;classic&quot;}\">\n\t\t\t\t\t<div class=\"e-con-inner\">\n\t\t\t\t\t<\/div>\n\t\t\t\t<\/div>\n\t\t\t\t\t<\/div>\n\t\t\t\t<\/div>\n\t\t<div data-dce-background-overlay-color=\"#FFFFFFA1\" data-dce-background-image-url=\"https:\/\/localtoursalicante.com\/wp-content\/uploads\/2025\/04\/241.png\" class=\"elementor-element elementor-element-f1a9603 e-flex e-con-boxed e-con e-parent\" data-id=\"f1a9603\" data-element_type=\"container\" data-settings=\"{&quot;background_background&quot;:&quot;classic&quot;}\">\n\t\t\t\t\t<div class=\"e-con-inner\">\n\t\t<div data-dce-background-color=\"#FFFFFF00\" class=\"elementor-element elementor-element-41f6fb7 e-con-full e-flex e-con e-child\" data-id=\"41f6fb7\" data-element_type=\"container\" data-settings=\"{&quot;background_background&quot;:&quot;classic&quot;}\">\n\t\t<div class=\"elementor-element elementor-element-25d9133 e-con-full e-flex e-con e-child\" data-id=\"25d9133\" data-element_type=\"container\">\n\t\t\t\t<div class=\"elementor-element elementor-element-53b7eaf elementor-widget elementor-widget-heading\" data-id=\"53b7eaf\" data-element_type=\"widget\" data-widget_type=\"heading.default\">\n\t\t\t\t<div class=\"elementor-widget-container\">\n\t\t\t\t\t<h2 class=\"elementor-heading-title elementor-size-default\">Nuestra filosofia<\/h2>\t\t\t\t<\/div>\n\t\t\t\t<\/div>\n\t\t<div data-dce-background-color=\"#8DA25A\" class=\"elementor-element elementor-element-c6564f6 e-con-full e-flex e-con e-child\" data-id=\"c6564f6\" data-element_type=\"container\" data-settings=\"{&quot;background_background&quot;:&quot;classic&quot;}\">\n\t\t\t\t<\/div>\n\t\t\t\t<div class=\"elementor-element elementor-element-a9eeec7 elementor-widget__width-initial elementor-widget-mobile__width-inherit elementor-widget elementor-widget-text-editor\" data-id=\"a9eeec7\" data-element_type=\"widget\" data-widget_type=\"text-editor.default\">\n\t\t\t\t<div class=\"elementor-widget-container\">\n\t\t\t\t\t\t\t\t\t<p>Apoyamos a los negocios locales colaborando con tiendas, restaurantes y hoteles familiares, promoviendo un turismo sostenible que beneficia a la econom\u00eda de la regi\u00f3n.<\/p><p>En Local Tours Alicante, defendemos un turismo \u00e9tico:<br \/>\u274c No a las corridas de toros\u2014no compartimos esos valores.<br \/>\u274c No a la cautividad o explotaci\u00f3n animal \u2014 creemos en un turismo responsable.<\/p><p>\ud83c\udf3f Amamos nuestra tierra y estamos comprometidos a protegerla y compartirla en su esencia m\u00e1s pura.<\/p><p>\u00a1Ven a descubrir Alicante con nosotros!<\/p>\t\t\t\t\t\t\t\t<\/div>\n\t\t\t\t<\/div>\n\t\t\t\t<\/div>\n\t\t\t\t<\/div>\n\t\t\t\t<div class=\"elementor-element elementor-element-3f9bf4a dce_masking-none elementor-widget elementor-widget-image\" data-id=\"3f9bf4a\" data-element_type=\"widget\" data-widget_type=\"image.default\">\n\t\t\t\t<div class=\"elementor-widget-container\">\n\t\t\t\t\t\t\t\t\t\t\t\t\t\t\t<img fetchpriority=\"high\" decoding=\"async\" width=\"360\" height=\"362\" src=\"https:\/\/localtoursalicante.com\/wp-content\/uploads\/2025\/04\/11-e1745106645294.png\" class=\"attachment-large size-large wp-image-258\" alt=\"\" srcset=\"https:\/\/localtoursalicante.com\/wp-content\/uploads\/2025\/04\/11-e1745106645294.png 360w, https:\/\/localtoursalicante.com\/wp-content\/uploads\/2025\/04\/11-e1745106645294-100x100.png 100w, https:\/\/localtoursalicante.com\/wp-content\/uploads\/2025\/04\/11-e1745106645294-298x300.png 298w, https:\/\/localtoursalicante.com\/wp-content\/uploads\/2025\/04\/11-e1745106645294-150x150.png 150w\" sizes=\"(max-width: 360px) 100vw, 360px\" \/>\t\t\t\t\t\t\t\t\t\t\t\t\t\t\t<\/div>\n\t\t\t\t<\/div>\n\t\t<div class=\"elementor-element elementor-element-9939dc0 e-con-full e-flex e-con e-child\" data-id=\"9939dc0\" data-element_type=\"container\">\n\t\t<div class=\"elementor-element elementor-element-ff81802 e-con-full e-flex e-con e-child\" data-id=\"ff81802\" data-element_type=\"container\">\n\t\t\t\t<div class=\"elementor-element elementor-element-794669d elementor-widget elementor-widget-heading\" data-id=\"794669d\" data-element_type=\"widget\" data-widget_type=\"heading.default\">\n\t\t\t\t<div class=\"elementor-widget-container\">\n\t\t\t\t\t<h2 class=\"elementor-heading-title elementor-size-default\">Nuestro compromiso<\/h2>\t\t\t\t<\/div>\n\t\t\t\t<\/div>\n\t\t<div data-dce-background-color=\"#8DA25A\" class=\"elementor-element elementor-element-44cccb8 e-con-full e-flex e-con e-child\" data-id=\"44cccb8\" data-element_type=\"container\" data-settings=\"{&quot;background_background&quot;:&quot;classic&quot;}\">\n\t\t\t\t<\/div>\n\t\t\t\t<div class=\"elementor-element elementor-element-4505f4f elementor-widget__width-initial elementor-widget elementor-widget-text-editor\" data-id=\"4505f4f\" data-element_type=\"widget\" data-widget_type=\"text-editor.default\">\n\t\t\t\t<div class=\"elementor-widget-container\">\n\t\t\t\t\t\t\t\t\t<p>Ofrecerte una experiencia de viaje que te sumerja en la aut\u00e9ntica esencia del Mediterr\u00e1neo, algo que suele perderse en los grupos tur\u00edsticos masivos y los itinerarios gen\u00e9ricos.\u00a0<\/p><p>Para garantizar una experiencia aut\u00e9ntica e inolvidable, mantenemos nuestros tours exclusivos y limitados. Nuestros grupos son reducidos, con un m\u00e1ximo de 10 personas, creando un ambiente \u00edntimo y personalizado. Esto nos permite adaptar el itinerario a tus intereses y preferencias.<\/p>\t\t\t\t\t\t\t\t<\/div>\n\t\t\t\t<\/div>\n\t\t\t\t<\/div>\n\t\t\t\t<\/div>\n\t\t\t\t\t<\/div>\n\t\t\t\t<\/div>\n\t\t<div class=\"elementor-element elementor-element-ced2ab2 e-flex e-con-boxed e-con e-parent\" data-id=\"ced2ab2\" data-element_type=\"container\">\n\t\t\t\t\t<div class=\"e-con-inner\">\n\t\t<div class=\"elementor-element elementor-element-1e511c3 e-con-full e-flex e-con e-child\" data-id=\"1e511c3\" data-element_type=\"container\">\n\t\t<div data-dce-background-color=\"#8DA25B\" class=\"elementor-element elementor-element-5a316e4 e-con-full e-flex e-con e-child\" data-id=\"5a316e4\" data-element_type=\"container\" data-settings=\"{&quot;background_background&quot;:&quot;gradient&quot;}\">\n\t\t\t\t<div class=\"elementor-element elementor-element-9f8f374 dce_masking-none elementor-widget elementor-widget-image\" data-id=\"9f8f374\" data-element_type=\"widget\" data-widget_type=\"image.default\">\n\t\t\t\t<div class=\"elementor-widget-container\">\n\t\t\t\t\t\t\t\t\t\t\t\t\t\t\t<img decoding=\"async\" width=\"590\" height=\"787\" src=\"https:\/\/localtoursalicante.com\/wp-content\/uploads\/2025\/04\/03010ffa-3712-4ab7-845a-2df8411e9e9f.png\" class=\"attachment-large size-large wp-image-622\" alt=\"\" srcset=\"https:\/\/localtoursalicante.com\/wp-content\/uploads\/2025\/04\/03010ffa-3712-4ab7-845a-2df8411e9e9f.png 590w, https:\/\/localtoursalicante.com\/wp-content\/uploads\/2025\/04\/03010ffa-3712-4ab7-845a-2df8411e9e9f-225x300.png 225w\" sizes=\"(max-width: 590px) 100vw, 590px\" \/>\t\t\t\t\t\t\t\t\t\t\t\t\t\t\t<\/div>\n\t\t\t\t<\/div>\n\t\t\t\t<\/div>\n\t\t\t\t<div class=\"elementor-element elementor-element-d4f8c2c elementor-widget elementor-widget-heading\" data-id=\"d4f8c2c\" data-element_type=\"widget\" data-widget_type=\"heading.default\">\n\t\t\t\t<div class=\"elementor-widget-container\">\n\t\t\t\t\t<h2 class=\"elementor-heading-title elementor-size-default\">PAOLA FERN\u00c1NDEZ<\/h2>\t\t\t\t<\/div>\n\t\t\t\t<\/div>\n\t\t\t\t<div class=\"elementor-element elementor-element-8c13516 elementor-widget elementor-widget-heading\" data-id=\"8c13516\" data-element_type=\"widget\" data-widget_type=\"heading.default\">\n\t\t\t\t<div class=\"elementor-widget-container\">\n\t\t\t\t\t<h2 class=\"elementor-heading-title elementor-size-default\">Ceo Local Tours Alicante<\/h2>\t\t\t\t<\/div>\n\t\t\t\t<\/div>\n\t\t\t\t<div class=\"elementor-element elementor-element-9a165f7 elementor-widget__width-initial elementor-widget elementor-widget-text-editor\" data-id=\"9a165f7\" data-element_type=\"widget\" data-widget_type=\"text-editor.default\">\n\t\t\t\t<div class=\"elementor-widget-container\">\n\t\t\t\t\t\t\t\t\t<p>Nuestra apasionada directora, Paola Fern\u00e1ndez, fund\u00f3 y lidera Local Tours Alicante.\u00a0<\/p>\t\t\t\t\t\t\t\t<\/div>\n\t\t\t\t<\/div>\n\t\t\t\t<\/div>\n\t\t<div class=\"elementor-element elementor-element-ec555c7 e-con-full e-flex e-con e-child\" data-id=\"ec555c7\" data-element_type=\"container\">\n\t\t<div data-dce-background-color=\"#8DA25B\" class=\"elementor-element elementor-element-080af4b e-con-full e-flex e-con e-child\" data-id=\"080af4b\" data-element_type=\"container\" data-settings=\"{&quot;background_background&quot;:&quot;gradient&quot;}\">\n\t\t\t\t<div class=\"elementor-element elementor-element-ca50c93 dce_masking-none elementor-widget elementor-widget-image\" data-id=\"ca50c93\" data-element_type=\"widget\" data-widget_type=\"image.default\">\n\t\t\t\t<div class=\"elementor-widget-container\">\n\t\t\t\t\t\t\t\t\t\t\t\t\t\t\t<img decoding=\"async\" width=\"1094\" height=\"1000\" src=\"https:\/\/localtoursalicante.com\/wp-content\/uploads\/2025\/04\/d6a0b36c-a309-4f35-8fea-07e0d5304e61.png\" class=\"attachment-full size-full wp-image-621\" alt=\"\" srcset=\"https:\/\/localtoursalicante.com\/wp-content\/uploads\/2025\/04\/d6a0b36c-a309-4f35-8fea-07e0d5304e61.png 1094w, https:\/\/localtoursalicante.com\/wp-content\/uploads\/2025\/04\/d6a0b36c-a309-4f35-8fea-07e0d5304e61-600x548.png 600w, https:\/\/localtoursalicante.com\/wp-content\/uploads\/2025\/04\/d6a0b36c-a309-4f35-8fea-07e0d5304e61-300x274.png 300w, https:\/\/localtoursalicante.com\/wp-content\/uploads\/2025\/04\/d6a0b36c-a309-4f35-8fea-07e0d5304e61-1024x936.png 1024w, https:\/\/localtoursalicante.com\/wp-content\/uploads\/2025\/04\/d6a0b36c-a309-4f35-8fea-07e0d5304e61-768x702.png 768w\" sizes=\"(max-width: 1094px) 100vw, 1094px\" \/>\t\t\t\t\t\t\t\t\t\t\t\t\t\t\t<\/div>\n\t\t\t\t<\/div>\n\t\t\t\t<\/div>\n\t\t\t\t<div class=\"elementor-element elementor-element-9f8ca00 elementor-widget elementor-widget-heading\" data-id=\"9f8ca00\" data-element_type=\"widget\" data-widget_type=\"heading.default\">\n\t\t\t\t<div class=\"elementor-widget-container\">\n\t\t\t\t\t<h2 class=\"elementor-heading-title elementor-size-default\">ANGELO LO ICANO<\/h2>\t\t\t\t<\/div>\n\t\t\t\t<\/div>\n\t\t\t\t<div class=\"elementor-element elementor-element-3989ef9 elementor-widget elementor-widget-heading\" data-id=\"3989ef9\" data-element_type=\"widget\" data-widget_type=\"heading.default\">\n\t\t\t\t<div class=\"elementor-widget-container\">\n\t\t\t\t\t<h2 class=\"elementor-heading-title elementor-size-default\">Gastronomic guide<\/h2>\t\t\t\t<\/div>\n\t\t\t\t<\/div>\n\t\t\t\t<div class=\"elementor-element elementor-element-f458d79 elementor-widget__width-initial elementor-widget elementor-widget-text-editor\" data-id=\"f458d79\" data-element_type=\"widget\" data-widget_type=\"text-editor.default\">\n\t\t\t\t<div class=\"elementor-widget-container\">\n\t\t\t\t\t\t\t\t\t<p>Angelo Lo Iacono lleg\u00f3 a Alicante en 2015, con experiencia como gerente de restaurantes en Italia e Irlanda.\u00a0<\/p>\t\t\t\t\t\t\t\t<\/div>\n\t\t\t\t<\/div>\n\t\t\t\t<\/div>\n\t\t<div class=\"elementor-element elementor-element-2b7e9ba e-con-full e-flex e-con e-child\" data-id=\"2b7e9ba\" data-element_type=\"container\">\n\t\t<div data-dce-background-color=\"#8DA25B\" class=\"elementor-element elementor-element-fd76359 e-con-full e-flex e-con e-child\" data-id=\"fd76359\" data-element_type=\"container\" data-settings=\"{&quot;background_background&quot;:&quot;gradient&quot;}\">\n\t\t\t\t<div class=\"elementor-element elementor-element-a5f2547 dce_masking-none elementor-widget elementor-widget-image\" data-id=\"a5f2547\" data-element_type=\"widget\" data-widget_type=\"image.default\">\n\t\t\t\t<div class=\"elementor-widget-container\">\n\t\t\t\t\t\t\t\t\t\t\t\t\t\t\t<img loading=\"lazy\" decoding=\"async\" width=\"1361\" height=\"1642\" src=\"https:\/\/localtoursalicante.com\/wp-content\/uploads\/2025\/04\/0c7e0a10-fe62-4e8d-b4de-67eaff2129ab.png\" class=\"attachment-full size-full wp-image-623\" alt=\"\" srcset=\"https:\/\/localtoursalicante.com\/wp-content\/uploads\/2025\/04\/0c7e0a10-fe62-4e8d-b4de-67eaff2129ab.png 1361w, https:\/\/localtoursalicante.com\/wp-content\/uploads\/2025\/04\/0c7e0a10-fe62-4e8d-b4de-67eaff2129ab-600x724.png 600w, https:\/\/localtoursalicante.com\/wp-content\/uploads\/2025\/04\/0c7e0a10-fe62-4e8d-b4de-67eaff2129ab-249x300.png 249w, https:\/\/localtoursalicante.com\/wp-content\/uploads\/2025\/04\/0c7e0a10-fe62-4e8d-b4de-67eaff2129ab-849x1024.png 849w, https:\/\/localtoursalicante.com\/wp-content\/uploads\/2025\/04\/0c7e0a10-fe62-4e8d-b4de-67eaff2129ab-768x927.png 768w, https:\/\/localtoursalicante.com\/wp-content\/uploads\/2025\/04\/0c7e0a10-fe62-4e8d-b4de-67eaff2129ab-1273x1536.png 1273w\" sizes=\"(max-width: 1361px) 100vw, 1361px\" \/>\t\t\t\t\t\t\t\t\t\t\t\t\t\t\t<\/div>\n\t\t\t\t<\/div>\n\t\t\t\t<\/div>\n\t\t\t\t<div class=\"elementor-element elementor-element-fc48355 elementor-widget elementor-widget-heading\" data-id=\"fc48355\" data-element_type=\"widget\" data-widget_type=\"heading.default\">\n\t\t\t\t<div class=\"elementor-widget-container\">\n\t\t\t\t\t<h2 class=\"elementor-heading-title elementor-size-default\">MAR\u00cdA KURYLEVA<\/h2>\t\t\t\t<\/div>\n\t\t\t\t<\/div>\n\t\t\t\t<div class=\"elementor-element elementor-element-11098be elementor-widget elementor-widget-heading\" data-id=\"11098be\" data-element_type=\"widget\" data-widget_type=\"heading.default\">\n\t\t\t\t<div class=\"elementor-widget-container\">\n\t\t\t\t\t<h2 class=\"elementor-heading-title elementor-size-default\">Offical Tourist guide<\/h2>\t\t\t\t<\/div>\n\t\t\t\t<\/div>\n\t\t\t\t<div class=\"elementor-element elementor-element-640a385 elementor-widget__width-initial elementor-widget elementor-widget-text-editor\" data-id=\"640a385\" data-element_type=\"widget\" data-widget_type=\"text-editor.default\">\n\t\t\t\t<div class=\"elementor-widget-container\">\n\t\t\t\t\t\t\t\t\t<p>Como gu\u00eda oficial y acompa\u00f1ante de tours, comparte su pasi\u00f3n por el arte, la historia y la gastronom\u00eda.<\/p>\t\t\t\t\t\t\t\t<\/div>\n\t\t\t\t<\/div>\n\t\t\t\t<\/div>\n\t\t\t\t\t<\/div>\n\t\t\t\t<\/div>\n\t\t\t\t<\/div>","protected":false},"excerpt":{"rendered":"<p>COME AND LIVE Come and live the Local Tours Alicante experience! History Our journey officially began in 2024, but the idea had been in our hearts for years. We wanted to create unique experiences that allow both locals and visitors to truly connect with the essence of Alicante, exploring hidden gems that often go unnoticed. [&hellip;]<\/p>","protected":false},"author":1,"featured_media":0,"parent":0,"menu_order":0,"comment_status":"closed","ping_status":"closed","template":"","meta":{"_monsterinsights_skip_tracking":false,"_monsterinsights_sitenote_active":false,"_monsterinsights_sitenote_note":"","_monsterinsights_sitenote_category":0,"_uf_show_specific_survey":0,"_uf_disable_surveys":false,"footnotes":""},"class_list":["post-230","page","type-page","status-publish","hentry"],"aioseo_notices":[],"rttpg_featured_image_url":null,"rttpg_author":{"display_name":"luiswebdojo@gmail.com","author_link":"https:\/\/localtoursalicante.com\/es\/author\/luiswebdojogmail-com\/"},"rttpg_comment":0,"rttpg_category":null,"rttpg_excerpt":"COME AND LIVE Come and live the Local Tours Alicante experience! History Our journey officially began in 2024, but the idea had been in our hearts for years. We wanted to create unique experiences that allow both locals and visitors to truly connect with the essence of Alicante, exploring hidden gems that often go unnoticed.&hellip;","_links":{"self":[{"href":"https:\/\/localtoursalicante.com\/es\/wp-json\/wp\/v2\/pages\/230","targetHints":{"allow":["GET"]}}],"collection":[{"href":"https:\/\/localtoursalicante.com\/es\/wp-json\/wp\/v2\/pages"}],"about":[{"href":"https:\/\/localtoursalicante.com\/es\/wp-json\/wp\/v2\/types\/page"}],"author":[{"embeddable":true,"href":"https:\/\/localtoursalicante.com\/es\/wp-json\/wp\/v2\/users\/1"}],"replies":[{"embeddable":true,"href":"https:\/\/localtoursalicante.com\/es\/wp-json\/wp\/v2\/comments?post=230"}],"version-history":[{"count":85,"href":"https:\/\/localtoursalicante.com\/es\/wp-json\/wp\/v2\/pages\/230\/revisions"}],"predecessor-version":[{"id":862,"href":"https:\/\/localtoursalicante.com\/es\/wp-json\/wp\/v2\/pages\/230\/revisions\/862"}],"wp:attachment":[{"href":"https:\/\/localtoursalicante.com\/es\/wp-json\/wp\/v2\/media?parent=230"}],"curies":[{"name":"wp","href":"https:\/\/api.w.org\/{rel}","templated":true}]}}